{"id":471,"date":"2025-09-03T12:40:11","date_gmt":"2025-09-03T10:40:11","guid":{"rendered":"https:\/\/nominalia.onchi.duckdns.org\/?page_id=471"},"modified":"2025-12-16T19:09:05","modified_gmt":"2025-12-16T18:09:05","slug":"servicios","status":"publish","type":"page","link":"https:\/\/comercialrca.com\/?page_id=471","title":{"rendered":"Servicios"},"content":{"rendered":"\n<div class=\"wp-block-cover\"><span aria-hidden=\"true\" class=\"wp-block-cover__background has-background-dim\"><\/span><img loading=\"lazy\" decoding=\"async\" width=\"459\" height=\"181\" class=\"wp-block-cover__image-background wp-image-472\" alt=\"\" src=\"https:\/\/comercialrca.com\/wp-content\/uploads\/2025\/09\/imagen.png\" data-object-fit=\"cover\" srcset=\"https:\/\/comercialrca.com\/wp-content\/uploads\/2025\/09\/imagen.png 459w, https:\/\/comercialrca.com\/wp-content\/uploads\/2025\/09\/imagen-300x118.png 300w\" sizes=\"auto, (max-width: 459px) 100vw, 459px\" \/><div class=\"wp-block-cover__inner-container is-layout-flow wp-block-cover-is-layout-flow\">\n<h1 class=\"wp-block-heading has-col-ffffff-color has-text-color has-link-color has-fs-50-px-font-size wp-elements-2a7b2de3437e7f0b84e50f9f84d4eaff\"><strong>Servicios Profesionales<\/strong><\/h1>\n\n\n\n<h2 class=\"wp-block-heading has-fs-50-px-font-size\"><\/h2>\n<\/div><\/div>\n\n\n\n<div class=\"wp-block-columns is-layout-flex wp-container-core-columns-is-layout-9d6595d7 wp-block-columns-is-layout-flex\">\n<div class=\"wp-block-column is-layout-flow wp-block-column-is-layout-flow\">\n<p class=\"has-text-align-left has-fs-20-px-font-size\"><strong>Agentes comerciales<\/strong><\/p>\n\n\n\n<p>Como agente comercial , <strong>RCA Soluciones Integrales<\/strong> se compromete a promover actos u operaciones de comercio por cuenta ajena, o a promoverlos y concluirlos en nombre de terceros, a cambio de una remuneraci\u00f3n que, generalmente, ser\u00e1 una comisi\u00f3n a convenir. Este papel se realiza sin asumir, salvo pacto en contrario, el riesgo y ventura de dichas operaciones. En <strong>RCA Soluciones Integrales<\/strong> brindamos el mejor servicio a nuestros clientes<\/p>\n<\/div>\n\n\n\n<div class=\"wp-block-column is-layout-flow wp-block-column-is-layout-flow\">\n<figure class=\"wp-block-image size-full\"><img loading=\"lazy\" decoding=\"async\" width=\"366\" height=\"275\" src=\"https:\/\/comercialrca.com\/wp-content\/uploads\/2025\/09\/agentes.png\" alt=\"\" class=\"wp-image-473\" srcset=\"https:\/\/comercialrca.com\/wp-content\/uploads\/2025\/09\/agentes.png 366w, https:\/\/comercialrca.com\/wp-content\/uploads\/2025\/09\/agentes-300x225.png 300w\" sizes=\"auto, (max-width: 366px) 100vw, 366px\" \/><\/figure>\n<\/div>\n<\/div>\n\n\n\n<div class=\"wp-block-columns is-layout-flex wp-container-core-columns-is-layout-9d6595d7 wp-block-columns-is-layout-flex\">\n<div class=\"wp-block-column is-layout-flow wp-block-column-is-layout-flow\">\n<figure class=\"wp-block-image size-full\"><img loading=\"lazy\" decoding=\"async\" width=\"427\" height=\"191\" src=\"https:\/\/comercialrca.com\/wp-content\/uploads\/2025\/09\/almacen.png\" alt=\"\" class=\"wp-image-474\" srcset=\"https:\/\/comercialrca.com\/wp-content\/uploads\/2025\/09\/almacen.png 427w, https:\/\/comercialrca.com\/wp-content\/uploads\/2025\/09\/almacen-300x134.png 300w\" sizes=\"auto, (max-width: 427px) 100vw, 427px\" \/><\/figure>\n<\/div>\n\n\n\n<div class=\"wp-block-column is-layout-flow wp-block-column-is-layout-flow\">\n<p><strong>Almac\u00e9n log\u00edstico<\/strong><\/p>\n\n\n\n<p>Ofrecemos una instalaci\u00f3n dise\u00f1ada espec\u00edficamente para la recepci\u00f3n, almacenamiento y distribuci\u00f3n de productos dentro de una cadena de suministro<\/p>\n<\/div>\n<\/div>\n\n\n\n<div class=\"wp-block-columns is-layout-flex wp-container-core-columns-is-layout-9d6595d7 wp-block-columns-is-layout-flex\">\n<div class=\"wp-block-column is-layout-flow wp-block-column-is-layout-flow\">\n<p>Servicio de instalaci\u00f3n<\/p>\n\n\n\n<p><strong>RCA Soluciones Integrales<\/strong> no solo promueve tus productos, sino que tambi\u00e9n<\/p>\n\n\n\n<p>dispone de equipos para el montaje e instalaci\u00f3n.<\/p>\n<\/div>\n\n\n\n<div class=\"wp-block-column is-layout-flow wp-block-column-is-layout-flow\">\n<figure class=\"wp-block-image size-full\"><img loading=\"lazy\" decoding=\"async\" width=\"400\" height=\"268\" src=\"https:\/\/comercialrca.com\/wp-content\/uploads\/2025\/09\/instalacion.png\" alt=\"\" class=\"wp-image-475\" srcset=\"https:\/\/comercialrca.com\/wp-content\/uploads\/2025\/09\/instalacion.png 400w, https:\/\/comercialrca.com\/wp-content\/uploads\/2025\/09\/instalacion-300x201.png 300w\" sizes=\"auto, (max-width: 400px) 100vw, 400px\" \/><\/figure>\n<\/div>\n<\/div>\n","protected":false},"excerpt":{"rendered":"<p>Agentes comerciales Como agente comercial , RCA Soluciones Integrales se compromete a promover actos u operaciones de comercio por cuenta ajena, o a promoverlos y concluirlos en nombre de terceros, a cambio de una remuneraci\u00f3n que, generalmente, ser\u00e1 una comisi\u00f3n a convenir. Este papel se realiza sin asumir, salvo pacto en contrario, el riesgo y [&hellip;]<\/p>\n","protected":false},"author":1,"featured_media":0,"parent":0,"menu_order":0,"comment_status":"closed","ping_status":"closed","template":"","meta":{"footnotes":""},"class_list":["post-471","page","type-page","status-publish","hentry"],"yoast_head":"<!-- This site is optimized with the Yoast SEO plugin v26.6 - https:\/\/yoast.com\/wordpress\/plugins\/seo\/ -->\n<title>Servicios - Comercial RCA<\/title>\n<meta name=\"description\" content=\"Como agente comercial , RCA Soluciones Integrales se compromete a promover actos u operaciones de comercio por cuenta ajena, o a promoverlos y concluirlos en nombre de terceros.\" \/>\n<meta name=\"robots\" content=\"index, follow, max-snippet:-1, max-image-preview:large, max-video-preview:-1\" \/>\n<link rel=\"canonical\" href=\"https:\/\/comercialrca.com\/?page_id=471\" \/>\n<meta property=\"og:locale\" content=\"es_ES\" \/>\n<meta property=\"og:type\" content=\"article\" \/>\n<meta property=\"og:title\" content=\"Servicios - Comercial RCA\" \/>\n<meta property=\"og:description\" content=\"Como agente comercial , RCA Soluciones Integrales se compromete a promover actos u operaciones de comercio por cuenta ajena, o a promoverlos y concluirlos en nombre de terceros.\" \/>\n<meta property=\"og:url\" content=\"https:\/\/comercialrca.com\/?page_id=471\" \/>\n<meta property=\"og:site_name\" content=\"Comercial RCA\" \/>\n<meta property=\"article:modified_time\" content=\"2025-12-16T18:09:05+00:00\" \/>\n<meta property=\"og:image\" content=\"https:\/\/comercialrca.com\/wp-content\/uploads\/2025\/09\/imagen.png\" \/>\n\t<meta property=\"og:image:width\" content=\"459\" \/>\n\t<meta property=\"og:image:height\" content=\"181\" \/>\n\t<meta property=\"og:image:type\" content=\"image\/png\" \/>\n<meta name=\"twitter:card\" content=\"summary_large_image\" \/>\n<meta name=\"twitter:label1\" content=\"Tiempo de lectura\" \/>\n\t<meta name=\"twitter:data1\" content=\"2 minutos\" \/>\n<script type=\"application\/ld+json\" class=\"yoast-schema-graph\">{\"@context\":\"https:\/\/schema.org\",\"@graph\":[{\"@type\":\"WebPage\",\"@id\":\"https:\/\/comercialrca.com\/?page_id=471\",\"url\":\"https:\/\/comercialrca.com\/?page_id=471\",\"name\":\"Servicios - Comercial RCA\",\"isPartOf\":{\"@id\":\"https:\/\/comercialrca.com\/#website\"},\"primaryImageOfPage\":{\"@id\":\"https:\/\/comercialrca.com\/?page_id=471#primaryimage\"},\"image\":{\"@id\":\"https:\/\/comercialrca.com\/?page_id=471#primaryimage\"},\"thumbnailUrl\":\"https:\/\/comercialrca.com\/wp-content\/uploads\/2025\/09\/imagen.png\",\"datePublished\":\"2025-09-03T10:40:11+00:00\",\"dateModified\":\"2025-12-16T18:09:05+00:00\",\"description\":\"Como agente comercial , RCA Soluciones Integrales se compromete a promover actos u operaciones de comercio por cuenta ajena, o a promoverlos y concluirlos en nombre de terceros.\",\"breadcrumb\":{\"@id\":\"https:\/\/comercialrca.com\/?page_id=471#breadcrumb\"},\"inLanguage\":\"es\",\"potentialAction\":[{\"@type\":\"ReadAction\",\"target\":[\"https:\/\/comercialrca.com\/?page_id=471\"]}]},{\"@type\":\"ImageObject\",\"inLanguage\":\"es\",\"@id\":\"https:\/\/comercialrca.com\/?page_id=471#primaryimage\",\"url\":\"https:\/\/comercialrca.com\/wp-content\/uploads\/2025\/09\/imagen.png\",\"contentUrl\":\"https:\/\/comercialrca.com\/wp-content\/uploads\/2025\/09\/imagen.png\",\"width\":459,\"height\":181},{\"@type\":\"BreadcrumbList\",\"@id\":\"https:\/\/comercialrca.com\/?page_id=471#breadcrumb\",\"itemListElement\":[{\"@type\":\"ListItem\",\"position\":1,\"name\":\"Portada\",\"item\":\"https:\/\/comercialrca.com\/?page_id=19\"},{\"@type\":\"ListItem\",\"position\":2,\"name\":\"Servicios\"}]},{\"@type\":\"WebSite\",\"@id\":\"https:\/\/comercialrca.com\/#website\",\"url\":\"https:\/\/comercialrca.com\/\",\"name\":\"Comercial RCA\",\"description\":\"Generamos soluciones que venden, con distribuidores de confianza.\",\"publisher\":{\"@id\":\"https:\/\/comercialrca.com\/#organization\"},\"potentialAction\":[{\"@type\":\"SearchAction\",\"target\":{\"@type\":\"EntryPoint\",\"urlTemplate\":\"https:\/\/comercialrca.com\/?s={search_term_string}\"},\"query-input\":{\"@type\":\"PropertyValueSpecification\",\"valueRequired\":true,\"valueName\":\"search_term_string\"}}],\"inLanguage\":\"es\"},{\"@type\":\"Organization\",\"@id\":\"https:\/\/comercialrca.com\/#organization\",\"name\":\"Comercial RCA\",\"url\":\"https:\/\/comercialrca.com\/\",\"logo\":{\"@type\":\"ImageObject\",\"inLanguage\":\"es\",\"@id\":\"https:\/\/comercialrca.com\/#\/schema\/logo\/image\/\",\"url\":\"https:\/\/comercialrca.com\/wp-content\/uploads\/2025\/05\/cropped-logo1.png\",\"contentUrl\":\"https:\/\/comercialrca.com\/wp-content\/uploads\/2025\/05\/cropped-logo1.png\",\"width\":512,\"height\":512,\"caption\":\"Comercial RCA\"},\"image\":{\"@id\":\"https:\/\/comercialrca.com\/#\/schema\/logo\/image\/\"}}]}<\/script>\n<!-- \/ Yoast SEO plugin. -->","yoast_head_json":{"title":"Servicios - Comercial RCA","description":"Como agente comercial , RCA Soluciones Integrales se compromete a promover actos u operaciones de comercio por cuenta ajena, o a promoverlos y concluirlos en nombre de terceros.","robots":{"index":"index","follow":"follow","max-snippet":"max-snippet:-1","max-image-preview":"max-image-preview:large","max-video-preview":"max-video-preview:-1"},"canonical":"https:\/\/comercialrca.com\/?page_id=471","og_locale":"es_ES","og_type":"article","og_title":"Servicios - Comercial RCA","og_description":"Como agente comercial , RCA Soluciones Integrales se compromete a promover actos u operaciones de comercio por cuenta ajena, o a promoverlos y concluirlos en nombre de terceros.","og_url":"https:\/\/comercialrca.com\/?page_id=471","og_site_name":"Comercial RCA","article_modified_time":"2025-12-16T18:09:05+00:00","og_image":[{"width":459,"height":181,"url":"https:\/\/comercialrca.com\/wp-content\/uploads\/2025\/09\/imagen.png","type":"image\/png"}],"twitter_card":"summary_large_image","twitter_misc":{"Tiempo de lectura":"2 minutos"},"schema":{"@context":"https:\/\/schema.org","@graph":[{"@type":"WebPage","@id":"https:\/\/comercialrca.com\/?page_id=471","url":"https:\/\/comercialrca.com\/?page_id=471","name":"Servicios - Comercial RCA","isPartOf":{"@id":"https:\/\/comercialrca.com\/#website"},"primaryImageOfPage":{"@id":"https:\/\/comercialrca.com\/?page_id=471#primaryimage"},"image":{"@id":"https:\/\/comercialrca.com\/?page_id=471#primaryimage"},"thumbnailUrl":"https:\/\/comercialrca.com\/wp-content\/uploads\/2025\/09\/imagen.png","datePublished":"2025-09-03T10:40:11+00:00","dateModified":"2025-12-16T18:09:05+00:00","description":"Como agente comercial , RCA Soluciones Integrales se compromete a promover actos u operaciones de comercio por cuenta ajena, o a promoverlos y concluirlos en nombre de terceros.","breadcrumb":{"@id":"https:\/\/comercialrca.com\/?page_id=471#breadcrumb"},"inLanguage":"es","potentialAction":[{"@type":"ReadAction","target":["https:\/\/comercialrca.com\/?page_id=471"]}]},{"@type":"ImageObject","inLanguage":"es","@id":"https:\/\/comercialrca.com\/?page_id=471#primaryimage","url":"https:\/\/comercialrca.com\/wp-content\/uploads\/2025\/09\/imagen.png","contentUrl":"https:\/\/comercialrca.com\/wp-content\/uploads\/2025\/09\/imagen.png","width":459,"height":181},{"@type":"BreadcrumbList","@id":"https:\/\/comercialrca.com\/?page_id=471#breadcrumb","itemListElement":[{"@type":"ListItem","position":1,"name":"Portada","item":"https:\/\/comercialrca.com\/?page_id=19"},{"@type":"ListItem","position":2,"name":"Servicios"}]},{"@type":"WebSite","@id":"https:\/\/comercialrca.com\/#website","url":"https:\/\/comercialrca.com\/","name":"Comercial RCA","description":"Generamos soluciones que venden, con distribuidores de confianza.","publisher":{"@id":"https:\/\/comercialrca.com\/#organization"},"potentialAction":[{"@type":"SearchAction","target":{"@type":"EntryPoint","urlTemplate":"https:\/\/comercialrca.com\/?s={search_term_string}"},"query-input":{"@type":"PropertyValueSpecification","valueRequired":true,"valueName":"search_term_string"}}],"inLanguage":"es"},{"@type":"Organization","@id":"https:\/\/comercialrca.com\/#organization","name":"Comercial RCA","url":"https:\/\/comercialrca.com\/","logo":{"@type":"ImageObject","inLanguage":"es","@id":"https:\/\/comercialrca.com\/#\/schema\/logo\/image\/","url":"https:\/\/comercialrca.com\/wp-content\/uploads\/2025\/05\/cropped-logo1.png","contentUrl":"https:\/\/comercialrca.com\/wp-content\/uploads\/2025\/05\/cropped-logo1.png","width":512,"height":512,"caption":"Comercial RCA"},"image":{"@id":"https:\/\/comercialrca.com\/#\/schema\/logo\/image\/"}}]}},"_links":{"self":[{"href":"https:\/\/comercialrca.com\/index.php?rest_route=\/wp\/v2\/pages\/471","targetHints":{"allow":["GET"]}}],"collection":[{"href":"https:\/\/comercialrca.com\/index.php?rest_route=\/wp\/v2\/pages"}],"about":[{"href":"https:\/\/comercialrca.com\/index.php?rest_route=\/wp\/v2\/types\/page"}],"author":[{"embeddable":true,"href":"https:\/\/comercialrca.com\/index.php?rest_route=\/wp\/v2\/users\/1"}],"replies":[{"embeddable":true,"href":"https:\/\/comercialrca.com\/index.php?rest_route=%2Fwp%2Fv2%2Fcomments&post=471"}],"version-history":[{"count":1,"href":"https:\/\/comercialrca.com\/index.php?rest_route=\/wp\/v2\/pages\/471\/revisions"}],"predecessor-version":[{"id":523,"href":"https:\/\/comercialrca.com\/index.php?rest_route=\/wp\/v2\/pages\/471\/revisions\/523"}],"wp:attachment":[{"href":"https:\/\/comercialrca.com\/index.php?rest_route=%2Fwp%2Fv2%2Fmedia&parent=471"}],"curies":[{"name":"wp","href":"https:\/\/api.w.org\/{rel}","templated":true}]}}