{"id":142,"date":"2015-10-22T15:32:34","date_gmt":"2015-10-22T15:32:34","guid":{"rendered":"http:\/\/test.kriesi.at\/construction\/?page_id=142"},"modified":"2025-09-30T21:08:35","modified_gmt":"2025-09-30T19:08:35","slug":"interior-design","status":"publish","type":"page","link":"https:\/\/comercialrca.com\/?page_id=142","title":{"rendered":"McBath"},"content":{"rendered":"<div  class='avia-slideshow av-34os3a-b651567b2c99dd25db535bd12682bb61 av-control-hidden avia-slideshow-featured_large av_slideshow avia-fade-slider  avia-builder-el-0  el_before_av_one_full  avia-builder-el-first  av-default-height-applied avia-slideshow-1'  data-size='featured_large'  data-lightbox_size='large'  data-animation='fade'  data-conditional_play=''  data-ids='319,317,307'  data-video_counter='0'  data-autoplay='true'  data-bg_slider='false'  data-slide_height=''  data-handle='av_slideshow'  data-interval='5'  data-class=' avia-builder-el-0  el_before_av_one_full  avia-builder-el-first '  data-extra_class=''  data-el_id=''  data-css_id=''  data-scroll_down=''  data-control_layout='av-control-hidden'  data-custom_markup=''  data-perma_caption=''  data-autoplay_stopper=''  data-image_attachment=''  data-min_height='0px'  data-lazy_loading='disabled'  data-default-height='30'  data-img_scrset=''  data-av-desktop-hide=''  data-av-medium-hide=''  data-av-small-hide=''  data-av-mini-hide=''  data-alb_description=''  data-id=''  data-custom_class=''  data-template_class=''  data-av_uid='av-34os3a'  data-sc_version='1.0'  data-heading_tag=''  data-heading_class=''   itemprop=\"image\" itemscope=\"itemscope\" itemtype=\"https:\/\/schema.org\/ImageObject\" ><ul class='avia-slideshow-inner ' style='padding-bottom: 30%;'><li  class='avia-slideshow-slide av-34os3a-b651567b2c99dd25db535bd12682bb61__0  slide-1 ' ><div data-rel='slideshow-1' class='avia-slide-wrap '   ><div class='av-slideshow-caption av-34os3a-b651567b2c99dd25db535bd12682bb61__0 avia-caption'><div class=\"avia-inner-caption\"><h2 class='avia-caption-title '  itemprop=\"name\" >Todo lo que necesitas para tu ba\u00f1o<\/h2><\/div><\/div><img decoding=\"async\" class=\"wp-image-319 avia-img-lazy-loading-not-319\"  src=\"https:\/\/comercialrca.com\/wp-content\/uploads\/2025\/05\/Sanindusa-6-1500x450.png\" width=\"1500\" height=\"450\" title='Sanindusa-6' alt=''  itemprop=\"thumbnailUrl\"   \/><\/div><\/li><li  class='avia-slideshow-slide av-34os3a-b651567b2c99dd25db535bd12682bb61__1  slide-2 ' ><div data-rel='slideshow-1' class='avia-slide-wrap '   ><div class='av-slideshow-caption av-34os3a-b651567b2c99dd25db535bd12682bb61__1 avia-caption'><div class=\"avia-inner-caption\"><h2 class='avia-caption-title '  itemprop=\"name\" >Accesorios para Ba\u00f1o Sanindusa<\/h2><div class='avia-caption-content '  itemprop=\"description\" ><p>Sanindusa se dedica a fabricar productos destinados al cuarto de ba\u00f1o, correspondiendo a la satisfacci\u00f3n de las exigencias de sus clientes, reconocida por su dise\u00f1o, calidad y excelente imagen de marca. Gesti\u00f3n estrat\u00e9gicamente elegida como principales factores de \u00e9xito, calidad, dise\u00f1o, innovaci\u00f3n, servicio y competitividad.<\/p>\n<p>picture_as_pdf Ver cat\u00e1logo General Sanindusa 2021<\/p>\n<\/div><\/div><\/div><img decoding=\"async\" class=\"wp-image-317 avia-img-lazy-loading-not-317\"  src=\"https:\/\/comercialrca.com\/wp-content\/uploads\/2025\/05\/Sanindusa-5-1280x630.png\" width=\"1280\" height=\"630\" title='Sanindusa-5' alt=''  itemprop=\"thumbnailUrl\"   \/><\/div><\/li><li  class='avia-slideshow-slide av-34os3a-b651567b2c99dd25db535bd12682bb61__2  slide-3 ' ><div data-rel='slideshow-1' class='avia-slide-wrap '   ><img decoding=\"async\" class=\"wp-image-307 avia-img-lazy-loading-not-307\"  src=\"https:\/\/comercialrca.com\/wp-content\/uploads\/2025\/05\/ceramica-accesorios-de-ban\u0303o.jpg\" width=\"600\" height=\"445\" title='ceramica-accesorios-de-ban\u0303o' alt=''  itemprop=\"thumbnailUrl\" srcset=\"https:\/\/comercialrca.com\/wp-content\/uploads\/2025\/05\/ceramica-accesorios-de-ban\u0303o.jpg 600w, https:\/\/comercialrca.com\/wp-content\/uploads\/2025\/05\/ceramica-accesorios-de-ban\u0303o-300x223.jpg 300w\" sizes=\"(max-width: 600px) 100vw, 600px\" \/><\/div><\/li><\/ul><div class='avia-slideshow-arrows avia-slideshow-controls' ><a href='#prev' class='prev-slide ' aria-hidden='true' data-av_icon='\ue87c' data-av_iconfont='entypo-fontello'  tabindex='-1'>Anterior<\/a><a href='#next' class='next-slide ' aria-hidden='true' data-av_icon='\ue87d' data-av_iconfont='entypo-fontello'  tabindex='-1'>Posterior<\/a><\/div><div class='avia-slideshow-dots avia-slideshow-controls'><a href='#1' class='goto-slide active' >1<\/a><a href='#2' class='goto-slide ' >2<\/a><a href='#3' class='goto-slide ' >3<\/a><\/div><\/div>\n\n<style type=\"text\/css\" data-created_by=\"avia_inline_auto\" id=\"style-css-av-2jx5qm-efaf182b57d16c1bc6373cfe4544bc9e\">\n#top .flex_column.av-2jx5qm-efaf182b57d16c1bc6373cfe4544bc9e{\nmargin-top:0px;\nmargin-bottom:0px;\n}\n.flex_column.av-2jx5qm-efaf182b57d16c1bc6373cfe4544bc9e{\nborder-radius:0px 0px 0px 0px;\n-webkit-border-radius:0px 0px 0px 0px;\n-moz-border-radius:0px 0px 0px 0px;\n}\n.responsive #top #wrap_all .flex_column.av-2jx5qm-efaf182b57d16c1bc6373cfe4544bc9e{\nmargin-top:0px;\nmargin-bottom:0px;\n}\n<\/style>\n<div class='flex_column av-2jx5qm-efaf182b57d16c1bc6373cfe4544bc9e av_one_full  avia-builder-el-1  el_after_av_slideshow  el_before_av_one_half  first flex_column_div  av-animated-generic bottom-to-top av-zero-column-padding '   ><p>\n<style type=\"text\/css\" data-created_by=\"avia_inline_auto\" id=\"style-css-av-8uz4u-152682d6898bd0f586e008b578420d54\">\n#top .av-special-heading.av-8uz4u-152682d6898bd0f586e008b578420d54{\npadding-bottom:0px;\n}\nbody .av-special-heading.av-8uz4u-152682d6898bd0f586e008b578420d54 .av-special-heading-tag .heading-char{\nfont-size:25px;\n}\n.av-special-heading.av-8uz4u-152682d6898bd0f586e008b578420d54 .av-subheading{\nfont-size:15px;\n}\n<\/style>\n<div  class='av-special-heading av-8uz4u-152682d6898bd0f586e008b578420d54 av-special-heading-h2 blockquote modern-quote  avia-builder-el-2  el_before_av_hr  avia-builder-el-first '><h2 class='av-special-heading-tag'  itemprop=\"headline\"  >McBath<\/h2><div class=\"special-heading-border\"><div class=\"special-heading-inner-border\"><\/div><\/div><\/div><br \/>\n\n<style type=\"text\/css\" data-created_by=\"avia_inline_auto\" id=\"style-css-av-28uesu-909ca384acef81fcb9f5935c2be3f2c7\">\n#top .hr.av-28uesu-909ca384acef81fcb9f5935c2be3f2c7{\nmargin-top:10px;\nmargin-bottom:10px;\n}\n.hr.av-28uesu-909ca384acef81fcb9f5935c2be3f2c7 .hr-inner{\nwidth:50px;\nborder-color:#efbb20;\n}\n<\/style>\n<div  class='hr av-28uesu-909ca384acef81fcb9f5935c2be3f2c7 hr-custom  avia-builder-el-3  el_after_av_heading  avia-builder-el-last  hr-left hr-icon-no'><span class='hr-inner inner-border-av-border-fat'><span class=\"hr-inner-style\"><\/span><\/span><\/div><\/p><\/div>\n<style type=\"text\/css\" data-created_by=\"avia_inline_auto\" id=\"style-css-av-21wy3a-9786725c25d8c0a9ced93295e52ea18a\">\n#top .flex_column.av-21wy3a-9786725c25d8c0a9ced93295e52ea18a{\nmargin-top:0px;\nmargin-bottom:0px;\n}\n.flex_column.av-21wy3a-9786725c25d8c0a9ced93295e52ea18a{\nborder-radius:0px 0px 0px 0px;\n-webkit-border-radius:0px 0px 0px 0px;\n-moz-border-radius:0px 0px 0px 0px;\n}\n.responsive #top #wrap_all .flex_column.av-21wy3a-9786725c25d8c0a9ced93295e52ea18a{\nmargin-top:0px;\nmargin-bottom:0px;\n}\n<\/style>\n<div class='flex_column av-21wy3a-9786725c25d8c0a9ced93295e52ea18a av_one_half  avia-builder-el-4  el_after_av_one_full  el_before_av_one_half  first flex_column_div  av-animated-generic bottom-to-top av-zero-column-padding column-top-margin'   ><section  class='av_textblock_section av-1zblr2-bd79dae14aff8b5c71c539963dbc3f46'  itemscope=\"itemscope\" itemtype=\"https:\/\/schema.org\/CreativeWork\" ><div class='avia_textblock'  itemprop=\"text\" ><p>Lorem ipsum dolor sit amet, consectetuer adipiscing elit. Aenean commodo ligula eget dolor. Aenean massa. Cum sociis natoque penatibus et magnis dis parturient montes, nascetur ridiculus mus.<\/p>\n<p>Donec quam felis, <strong>ultricies<\/strong> nec, pellentesque eu, pretium quis, sem. Nulla consequat massa quis enim.<\/p>\n<\/div><\/section><\/div><\/p>\n\n<style type=\"text\/css\" data-created_by=\"avia_inline_auto\" id=\"style-css-av-1qs7e6-0bdecb257b2512e7107e8c3424b7f850\">\n#top .flex_column.av-1qs7e6-0bdecb257b2512e7107e8c3424b7f850{\nmargin-top:0px;\nmargin-bottom:0px;\n}\n.flex_column.av-1qs7e6-0bdecb257b2512e7107e8c3424b7f850{\nborder-radius:0px 0px 0px 0px;\n-webkit-border-radius:0px 0px 0px 0px;\n-moz-border-radius:0px 0px 0px 0px;\n}\n.responsive #top #wrap_all .flex_column.av-1qs7e6-0bdecb257b2512e7107e8c3424b7f850{\nmargin-top:0px;\nmargin-bottom:0px;\n}\n<\/style>\n<div class='flex_column av-1qs7e6-0bdecb257b2512e7107e8c3424b7f850 av_one_half  avia-builder-el-6  el_after_av_one_half  el_before_av_one_full  flex_column_div  av-animated-generic bottom-to-top av-zero-column-padding column-top-margin'   ><section  class='av_textblock_section av-1jdtvy-a8ac7af79148b84ccff7995b783561fa'  itemscope=\"itemscope\" itemtype=\"https:\/\/schema.org\/CreativeWork\" ><div class='avia_textblock'  itemprop=\"text\" ><p>Donec quam felis, ultricies nec, <strong>pellentesque<\/strong> eu, pretium quis, sem. Nulla consequat massa quis enim.<\/p>\n<p>Lorem ipsum dolor sit amet, consectetuer adipiscing elit. Aenean commodo ligula eget dolor. Aenean massa. Cum sociis natoque penatibus et magnis dis parturient montes, nascetur ridiculus mus.<\/p>\n<\/div><\/section><\/div>\n\n<style type=\"text\/css\" data-created_by=\"avia_inline_auto\" id=\"style-css-av-4w0j2-609b88142348438cb75b183f1874fe6f\">\n.flex_column.av-4w0j2-609b88142348438cb75b183f1874fe6f{\nborder-width:1px;\nborder-color:#e1e1e1;\nborder-style:solid;\nborder-radius:0px 0px 0px 0px;\n-webkit-border-radius:0px 0px 0px 0px;\n-moz-border-radius:0px 0px 0px 0px;\npadding:20px 20px 20px 20px;\nbackground-color:#fcfcfc;\n}\n<\/style>\n<div class='flex_column av-4w0j2-609b88142348438cb75b183f1874fe6f av_one_full  avia-builder-el-8  el_after_av_one_half  el_before_av_one_half  first flex_column_div  av-animated-generic bottom-to-top column-top-margin'   ><section  class='av_textblock_section av-18l4ty-91ff223613e3b6eed3bd4ec9ea7c5991'  itemscope=\"itemscope\" itemtype=\"https:\/\/schema.org\/CreativeWork\" ><div class='avia_textblock'  itemprop=\"text\" ><p>Lorem ipsum dolor sit amet, consectetuer adipiscing elit. Aenean commodo ligula eget dolor. Aenean massa. Cum sociis natoque penatibus et magnis dis parturient montes, nascetur ridiculus mus.<\/p>\n<p>Donec quam felis, <strong>ultricies<\/strong> nec, pellentesque eu, pretium quis, sem. Nulla consequat massa quis enim.<\/p>\n<\/div><\/section><\/div>\n\n<style type=\"text\/css\" data-created_by=\"avia_inline_auto\" id=\"style-css-av-1444ja-e8b766601bc3098a2c1a4d7a3125a242\">\n.flex_column.av-1444ja-e8b766601bc3098a2c1a4d7a3125a242{\nborder-radius:0px 0px 0px 0px;\n-webkit-border-radius:0px 0px 0px 0px;\n-moz-border-radius:0px 0px 0px 0px;\n}\n<\/style>\n<div class='flex_column av-1444ja-e8b766601bc3098a2c1a4d7a3125a242 av_one_half  avia-builder-el-10  el_after_av_one_full  el_before_av_one_half  first flex_column_div  av-animated-generic bottom-to-top av-zero-column-padding column-top-margin'   ><p>\n<style type=\"text\/css\" data-created_by=\"avia_inline_auto\" id=\"style-css-av-udrvq-73c9377e927c78f16bbef5e476aaba29\">\n#top .av-special-heading.av-udrvq-73c9377e927c78f16bbef5e476aaba29{\npadding-bottom:0px;\n}\nbody .av-special-heading.av-udrvq-73c9377e927c78f16bbef5e476aaba29 .av-special-heading-tag .heading-char{\nfont-size:25px;\n}\n.av-special-heading.av-udrvq-73c9377e927c78f16bbef5e476aaba29 .av-subheading{\nfont-size:15px;\n}\n<\/style>\n<div  class='av-special-heading av-udrvq-73c9377e927c78f16bbef5e476aaba29 av-special-heading-h2 blockquote modern-quote  avia-builder-el-11  el_before_av_hr  avia-builder-el-first '><h2 class='av-special-heading-tag'  itemprop=\"headline\"  >Mamparas<\/h2><div class=\"special-heading-border\"><div class=\"special-heading-inner-border\"><\/div><\/div><\/div><br \/>\n\n<style type=\"text\/css\" data-created_by=\"avia_inline_auto\" id=\"style-css-av-pdwkm-5d4ef483866c7c82705f3cf1ab7ae482\">\n#top .hr.av-pdwkm-5d4ef483866c7c82705f3cf1ab7ae482{\nmargin-top:10px;\nmargin-bottom:10px;\n}\n.hr.av-pdwkm-5d4ef483866c7c82705f3cf1ab7ae482 .hr-inner{\nwidth:50px;\nborder-color:#efbb20;\n}\n<\/style>\n<div  class='hr av-pdwkm-5d4ef483866c7c82705f3cf1ab7ae482 hr-custom  avia-builder-el-12  el_after_av_heading  el_before_av_textblock  hr-left hr-icon-no'><span class='hr-inner inner-border-av-border-fat'><span class=\"hr-inner-style\"><\/span><\/span><\/div><br \/>\n<section  class='av_textblock_section av-ji4ce-f3e2094ade93a66ae423df2e0850b01d'  itemscope=\"itemscope\" itemtype=\"https:\/\/schema.org\/CreativeWork\" ><div class='avia_textblock'  itemprop=\"text\" ><p>Donec quam felis, ultricies nec, <strong>pellentesque<\/strong> eu, pretium quis, sem. Nulla consequat massa quis enim.<\/p>\n<p>Lorem ipsum dolor sit amet, consectetuer adipiscing elit. Aenean commodo ligula eget dolor. Aenean massa. Cum sociis natoque penatibus et magnis dis parturient montes, nascetur ridiculus mus.<\/p>\n<\/div><\/section><\/p><\/div>\n\n<style type=\"text\/css\" data-created_by=\"avia_inline_auto\" id=\"style-css-av-gf4z2-39ba6cfeb133cd2d9ffacaae07c383e3\">\n.flex_column.av-gf4z2-39ba6cfeb133cd2d9ffacaae07c383e3{\nborder-radius:0px 0px 0px 0px;\n-webkit-border-radius:0px 0px 0px 0px;\n-moz-border-radius:0px 0px 0px 0px;\n}\n<\/style>\n<div class='flex_column av-gf4z2-39ba6cfeb133cd2d9ffacaae07c383e3 av_one_half  avia-builder-el-14  el_after_av_one_half  avia-builder-el-last  flex_column_div  av-animated-generic bottom-to-top av-zero-column-padding column-top-margin'   ><style type=\"text\/css\" data-created_by=\"avia_inline_auto\" id=\"style-css-av-9r6uu-a8d8a61b4b36878a97a7cb180398966d\">\n.avia-image-container.av-9r6uu-a8d8a61b4b36878a97a7cb180398966d .av-caption-image-overlay-bg{\nopacity:0.4;\nbackground-color:#000000;\n}\n.avia-image-container.av-9r6uu-a8d8a61b4b36878a97a7cb180398966d .av-image-caption-overlay-center{\ncolor:#ffffff;\n}\n<\/style>\n<div  class='avia-image-container av-9r6uu-a8d8a61b4b36878a97a7cb180398966d av-styling-no-styling avia-align-center  avia-builder-el-15  avia-builder-el-no-sibling  noHover av-overlay-hover-deactivate'  itemprop=\"image\" itemscope=\"itemscope\" itemtype=\"https:\/\/schema.org\/ImageObject\" ><div class=\"avia-image-container-inner\"><div class=\"avia-image-overlay-wrap\"><div class=\"av-image-caption-overlay\"><div class=\"av-caption-image-overlay-bg\"><\/div><div class=\"av-image-caption-overlay-position\"><div class=\"av-image-caption-overlay-center\"><p>Dise\u00f1os clasicos o modernos tu eliges<\/p>\n<\/div><\/div><\/div><img decoding=\"async\" class='wp-image-401 avia-img-lazy-loading-not-401 avia_image' src=\"https:\/\/comercialrca.com\/wp-content\/uploads\/2025\/05\/1-naranja-EOS-10-BLACK-1195x710-1-300x178.png\" alt='' title='1-naranja-EOS-10-BLACK-1195x710'  height=\"178\" width=\"300\"  itemprop=\"thumbnailUrl\" srcset=\"https:\/\/comercialrca.com\/wp-content\/uploads\/2025\/05\/1-naranja-EOS-10-BLACK-1195x710-1-300x178.png 300w, https:\/\/comercialrca.com\/wp-content\/uploads\/2025\/05\/1-naranja-EOS-10-BLACK-1195x710-1-1030x612.png 1030w, https:\/\/comercialrca.com\/wp-content\/uploads\/2025\/05\/1-naranja-EOS-10-BLACK-1195x710-1-768x456.png 768w, https:\/\/comercialrca.com\/wp-content\/uploads\/2025\/05\/1-naranja-EOS-10-BLACK-1195x710-1-705x419.png 705w, https:\/\/comercialrca.com\/wp-content\/uploads\/2025\/05\/1-naranja-EOS-10-BLACK-1195x710-1.png 1195w\" sizes=\"(max-width: 300px) 100vw, 300px\" \/><\/div><\/div><\/div><\/div>\n","protected":false},"excerpt":{"rendered":"","protected":false},"author":1,"featured_media":0,"parent":25,"menu_order":0,"comment_status":"closed","ping_status":"closed","template":"","meta":{"footnotes":""},"class_list":["post-142","page","type-page","status-publish","hentry"],"yoast_head":"<!-- This site is optimized with the Yoast SEO plugin v26.6 - https:\/\/yoast.com\/wordpress\/plugins\/seo\/ -->\n<title>McBath - Comercial RCA<\/title>\n<meta name=\"robots\" content=\"index, follow, max-snippet:-1, max-image-preview:large, max-video-preview:-1\" \/>\n<link rel=\"canonical\" href=\"https:\/\/comercialrca.com\/?page_id=142\" \/>\n<meta property=\"og:locale\" content=\"es_ES\" \/>\n<meta property=\"og:type\" content=\"article\" \/>\n<meta property=\"og:title\" content=\"McBath - Comercial RCA\" \/>\n<meta property=\"og:url\" content=\"https:\/\/comercialrca.com\/?page_id=142\" \/>\n<meta property=\"og:site_name\" content=\"Comercial RCA\" \/>\n<meta property=\"article:modified_time\" content=\"2025-09-30T19:08:35+00:00\" \/>\n<meta name=\"twitter:card\" content=\"summary_large_image\" \/>\n<meta name=\"twitter:label1\" content=\"Tiempo de lectura\" \/>\n\t<meta name=\"twitter:data1\" content=\"7 minutos\" \/>\n<script type=\"application\/ld+json\" class=\"yoast-schema-graph\">{\"@context\":\"https:\/\/schema.org\",\"@graph\":[{\"@type\":\"WebPage\",\"@id\":\"https:\/\/comercialrca.com\/?page_id=142\",\"url\":\"https:\/\/comercialrca.com\/?page_id=142\",\"name\":\"McBath - Comercial RCA\",\"isPartOf\":{\"@id\":\"https:\/\/comercialrca.com\/#website\"},\"datePublished\":\"2015-10-22T15:32:34+00:00\",\"dateModified\":\"2025-09-30T19:08:35+00:00\",\"breadcrumb\":{\"@id\":\"https:\/\/comercialrca.com\/?page_id=142#breadcrumb\"},\"inLanguage\":\"es\",\"potentialAction\":[{\"@type\":\"ReadAction\",\"target\":[\"https:\/\/comercialrca.com\/?page_id=142\"]}]},{\"@type\":\"BreadcrumbList\",\"@id\":\"https:\/\/comercialrca.com\/?page_id=142#breadcrumb\",\"itemListElement\":[{\"@type\":\"ListItem\",\"position\":1,\"name\":\"Portada\",\"item\":\"https:\/\/comercialrca.com\/?page_id=19\"},{\"@type\":\"ListItem\",\"position\":2,\"name\":\"Nuestras marcas\",\"item\":\"https:\/\/comercialrca.com\/?page_id=25\"},{\"@type\":\"ListItem\",\"position\":3,\"name\":\"McBath\"}]},{\"@type\":\"WebSite\",\"@id\":\"https:\/\/comercialrca.com\/#website\",\"url\":\"https:\/\/comercialrca.com\/\",\"name\":\"Comercial RCA\",\"description\":\"Generamos soluciones que venden, con distribuidores de confianza.\",\"publisher\":{\"@id\":\"https:\/\/comercialrca.com\/#organization\"},\"potentialAction\":[{\"@type\":\"SearchAction\",\"target\":{\"@type\":\"EntryPoint\",\"urlTemplate\":\"https:\/\/comercialrca.com\/?s={search_term_string}\"},\"query-input\":{\"@type\":\"PropertyValueSpecification\",\"valueRequired\":true,\"valueName\":\"search_term_string\"}}],\"inLanguage\":\"es\"},{\"@type\":\"Organization\",\"@id\":\"https:\/\/comercialrca.com\/#organization\",\"name\":\"Comercial RCA\",\"url\":\"https:\/\/comercialrca.com\/\",\"logo\":{\"@type\":\"ImageObject\",\"inLanguage\":\"es\",\"@id\":\"https:\/\/comercialrca.com\/#\/schema\/logo\/image\/\",\"url\":\"https:\/\/comercialrca.com\/wp-content\/uploads\/2025\/05\/cropped-logo1.png\",\"contentUrl\":\"https:\/\/comercialrca.com\/wp-content\/uploads\/2025\/05\/cropped-logo1.png\",\"width\":512,\"height\":512,\"caption\":\"Comercial RCA\"},\"image\":{\"@id\":\"https:\/\/comercialrca.com\/#\/schema\/logo\/image\/\"}}]}<\/script>\n<!-- \/ Yoast SEO plugin. -->","yoast_head_json":{"title":"McBath - Comercial RCA","robots":{"index":"index","follow":"follow","max-snippet":"max-snippet:-1","max-image-preview":"max-image-preview:large","max-video-preview":"max-video-preview:-1"},"canonical":"https:\/\/comercialrca.com\/?page_id=142","og_locale":"es_ES","og_type":"article","og_title":"McBath - Comercial RCA","og_url":"https:\/\/comercialrca.com\/?page_id=142","og_site_name":"Comercial RCA","article_modified_time":"2025-09-30T19:08:35+00:00","twitter_card":"summary_large_image","twitter_misc":{"Tiempo de lectura":"7 minutos"},"schema":{"@context":"https:\/\/schema.org","@graph":[{"@type":"WebPage","@id":"https:\/\/comercialrca.com\/?page_id=142","url":"https:\/\/comercialrca.com\/?page_id=142","name":"McBath - Comercial RCA","isPartOf":{"@id":"https:\/\/comercialrca.com\/#website"},"datePublished":"2015-10-22T15:32:34+00:00","dateModified":"2025-09-30T19:08:35+00:00","breadcrumb":{"@id":"https:\/\/comercialrca.com\/?page_id=142#breadcrumb"},"inLanguage":"es","potentialAction":[{"@type":"ReadAction","target":["https:\/\/comercialrca.com\/?page_id=142"]}]},{"@type":"BreadcrumbList","@id":"https:\/\/comercialrca.com\/?page_id=142#breadcrumb","itemListElement":[{"@type":"ListItem","position":1,"name":"Portada","item":"https:\/\/comercialrca.com\/?page_id=19"},{"@type":"ListItem","position":2,"name":"Nuestras marcas","item":"https:\/\/comercialrca.com\/?page_id=25"},{"@type":"ListItem","position":3,"name":"McBath"}]},{"@type":"WebSite","@id":"https:\/\/comercialrca.com\/#website","url":"https:\/\/comercialrca.com\/","name":"Comercial RCA","description":"Generamos soluciones que venden, con distribuidores de confianza.","publisher":{"@id":"https:\/\/comercialrca.com\/#organization"},"potentialAction":[{"@type":"SearchAction","target":{"@type":"EntryPoint","urlTemplate":"https:\/\/comercialrca.com\/?s={search_term_string}"},"query-input":{"@type":"PropertyValueSpecification","valueRequired":true,"valueName":"search_term_string"}}],"inLanguage":"es"},{"@type":"Organization","@id":"https:\/\/comercialrca.com\/#organization","name":"Comercial RCA","url":"https:\/\/comercialrca.com\/","logo":{"@type":"ImageObject","inLanguage":"es","@id":"https:\/\/comercialrca.com\/#\/schema\/logo\/image\/","url":"https:\/\/comercialrca.com\/wp-content\/uploads\/2025\/05\/cropped-logo1.png","contentUrl":"https:\/\/comercialrca.com\/wp-content\/uploads\/2025\/05\/cropped-logo1.png","width":512,"height":512,"caption":"Comercial RCA"},"image":{"@id":"https:\/\/comercialrca.com\/#\/schema\/logo\/image\/"}}]}},"_links":{"self":[{"href":"https:\/\/comercialrca.com\/index.php?rest_route=\/wp\/v2\/pages\/142","targetHints":{"allow":["GET"]}}],"collection":[{"href":"https:\/\/comercialrca.com\/index.php?rest_route=\/wp\/v2\/pages"}],"about":[{"href":"https:\/\/comercialrca.com\/index.php?rest_route=\/wp\/v2\/types\/page"}],"author":[{"embeddable":true,"href":"https:\/\/comercialrca.com\/index.php?rest_route=\/wp\/v2\/users\/1"}],"replies":[{"embeddable":true,"href":"https:\/\/comercialrca.com\/index.php?rest_route=%2Fwp%2Fv2%2Fcomments&post=142"}],"version-history":[{"count":0,"href":"https:\/\/comercialrca.com\/index.php?rest_route=\/wp\/v2\/pages\/142\/revisions"}],"up":[{"embeddable":true,"href":"https:\/\/comercialrca.com\/index.php?rest_route=\/wp\/v2\/pages\/25"}],"wp:attachment":[{"href":"https:\/\/comercialrca.com\/index.php?rest_route=%2Fwp%2Fv2%2Fmedia&parent=142"}],"curies":[{"name":"wp","href":"https:\/\/api.w.org\/{rel}","templated":true}]}}